{"id":34,"date":"2024-07-16T22:37:33","date_gmt":"2024-07-16T22:37:33","guid":{"rendered":"http:\/\/treadstone.io\/?page_id=34"},"modified":"2024-07-16T22:39:50","modified_gmt":"2024-07-16T22:39:50","slug":"treadstone-warrior-spirit","status":"publish","type":"page","link":"https:\/\/treadstone.io\/","title":{"rendered":"Treadstone warrior spirit"},"content":{"rendered":"\n<div class=\"wp-block-themepunch-revslider revslider\" data-modal=\"false\" data-slidertitle=\"Samurai Fullscreen Carousel Template\" style=\"\">\n\t\t\t\t<p class=\"rs-p-wp-fix\"><\/p>\n\t\t\t\t<sr7-module data-alias=\"Samurai-Fullscreen-Carousel-Template\" data-id=\"9\" id=\"SR7_9_1\" class=\"rs-respect-topbar rs-ov-hidden\" data-version=\"6.7.23\">\n\t\t\t\t\t<sr7-adjuster><\/sr7-adjuster>\n\t\t\t\t\t<sr7-content>\n\t\t\t\t\t\t<sr7-carousel>\n\t\t\t\t\t\t<sr7-slide id=\"SR7_9_1-9\" data-key=\"9\">\n\t\t\t\t\t\t\t<sr7-bg id=\"SR7_9_1-9-12\" class=\"sr7-layer\"><noscript><img decoding=\"async\" src=\"http:\/\/treadstone.io\/wp-content\/uploads\/revslider\/Samurai-Fullscreen-Carousel-Template\/s1.jpg\" alt=\"\" title=\"s1.jpg\"><\/noscript><\/sr7-bg>\n\t\t\t\t\t\t\t<p id=\"SR7_9_1-9-1\" class=\"sr7-layer\">Apprennez \u00e0 n\u00e9gocier et changer le cours de chacune de vos int\u00e9ractions personelles et profesionelles. <\/p>\n\t\t\t\t\t\t\t<h2 id=\"SR7_9_1-9-3\" class=\"sr7-layer\">Negotiation Master<\/h2>\n\t\t\t\t\t\t\t<sr7-txt id=\"SR7_9_1-9-11\" class=\"sr7-layer\">Changer de vie<\/sr7-txt>\n\t\t\t\t\t\t<\/sr7-slide>\n\t\t\t\t\t\t<sr7-slide id=\"SR7_9_1-10\" data-key=\"10\">\n\t\t\t\t\t\t\t<sr7-bg id=\"SR7_9_1-10-13\" class=\"sr7-layer\"><noscript><img decoding=\"async\" src=\"http:\/\/treadstone.io\/wp-content\/uploads\/revslider\/Samurai-Fullscreen-Carousel-Template\/s2.jpg\" alt=\"\" title=\"s2.jpg\"><\/noscript><\/sr7-bg>\n\t\t\t\t\t\t\t<p id=\"SR7_9_1-10-9\" class=\"sr7-layer\">Apprenez \u00e0 prendre la parole et \u00e0 ma\u00eetriser votre communication et votre public.<\/p>\n\t\t\t\t\t\t\t<h2 id=\"SR7_9_1-10-10\" class=\"sr7-layer\">Public Speaking<\/h2>\n\t\t\t\t\t\t\t<sr7-txt id=\"SR7_9_1-10-12\" class=\"sr7-layer\">D\u00e9bloquer votre potentiel<\/sr7-txt>\n\t\t\t\t\t\t<\/sr7-slide>\n\t\t\t\t\t\t<sr7-slide id=\"SR7_9_1-11\" data-key=\"11\">\n\t\t\t\t\t\t\t<sr7-bg id=\"SR7_9_1-11-18\" class=\"sr7-layer\"><noscript><img decoding=\"async\" src=\"http:\/\/treadstone.io\/wp-content\/uploads\/revslider\/Samurai-Fullscreen-Carousel-Template\/s3.jpg\" alt=\"\" title=\"s3.jpg\"><\/noscript><\/sr7-bg>\n\t\t\t\t\t\t\t<p id=\"SR7_9_1-11-15\" class=\"sr7-layer\">Coaching individuel ou collectif, personnel ou professionnel, notre objectif sera le v\u00f4tre.<\/p>\n\t\t\t\t\t\t\t<h2 id=\"SR7_9_1-11-16\" class=\"sr7-layer\">Coaching sur Mesure<\/h2>\n\t\t\t\t\t\t\t<sr7-txt id=\"SR7_9_1-11-17\" class=\"sr7-layer\">R\u00e9server un appel<\/sr7-txt>\n\t\t\t\t\t\t<\/sr7-slide>\n\t\t\t\t\t\t<sr7-slide id=\"SR7_9_1-12\" data-key=\"12\">\n\t\t\t\t\t\t\t<sr7-bg id=\"SR7_9_1-12-23\" class=\"sr7-layer\"><noscript><img decoding=\"async\" src=\"http:\/\/treadstone.io\/wp-content\/uploads\/revslider\/Samurai-Fullscreen-Carousel-Template\/s4.jpg\" alt=\"\" title=\"s4.jpg\"><\/noscript><\/sr7-bg>\n\t\t\t\t\t\t\t<p id=\"SR7_9_1-12-20\" class=\"sr7-layer\">Une demande particuli\u00e8re? <br \/>\nUn coaching collectif ou une intervention dans votre soci\u00e9t\u00e9?<br \/>\n<\/p>\n\t\t\t\t\t\t\t<h2 id=\"SR7_9_1-12-21\" class=\"sr7-layer\">Contacter nos Experts<\/h2>\n\t\t\t\t\t\t\t<a id=\"SR7_9_1-12-22\" class=\"sr7-layer\" href=\"mailto:master@treadstone.io\" target=\"_blank\" rel=\"nofollow noopener\">Ecrivez-nous<\/a>\n\t\t\t\t\t\t<\/sr7-slide>\n\t\t\t\t\t\t<sr7-slide id=\"SR7_9_1-13\" data-key=\"13\">\n\t\t\t\t\t\t\t<sr7-txt id=\"SR7_9_1-13-4\" class=\"sr7-layer\">\u6b66\u58eb\u306e\u7cbe\u795e<\/sr7-txt>\n\t\t\t\t\t\t\t<sr7-txt id=\"SR7_9_1-13-5\" class=\"sr7-layer\">Treadstone<\/sr7-txt>\n\t\t\t\t\t\t\t<a id=\"SR7_9_1-13-18\" class=\"sr7-layer\" href=\"https:\/\/www.dribbble.com\/sliderrevolution\" target=\"_blank\" rel=\"noopener\">Dribbble<\/a>\n\t\t\t\t\t\t\t<a id=\"SR7_9_1-13-23\" class=\"sr7-layer\" href=\"https:\/\/www.instagram.com\/sliderrevolution\" target=\"_blank\" rel=\"noopener\">Instagram<\/a>\n\t\t\t\t\t\t\t<a id=\"SR7_9_1-13-24\" class=\"sr7-layer\" href=\"https:\/\/www.youtube.com\/user\/ThemePunch\" target=\"_blank\" rel=\"noopener\">YouTube<\/a>\n\t\t\t\t\t\t<\/sr7-slide>\n\t\t\t\t\t\t<\/sr7-carousel>\n\t\t\t\t\t<\/sr7-content>\n\t\t\t\t\t<image_lists style=\"display:none\">\n\t\t\t\t\t\t<img data-src=\"\/\/treadstone.io\/wp-content\/uploads\/revslider\/Samurai-Fullscreen-Carousel-Template\/s1.jpg\" data-libid=\"25\" data-lib=\"medialibrary\" title=\"s1.jpg\" width=\"0\" height=\"0\" data-dbsrc=\"Ly90cmVhZHN0b25lLmlvL3dwLWNvbnRlbnQvdXBsb2Fkcy9yZXZzbGlkZXIvU2FtdXJhaS1GdWxsc2NyZWVuLUNhcm91c2VsLVRlbXBsYXRlL3MxLmpwZw==\"\/>\n\t\t\t\t\t\t<img data-src=\"\/\/treadstone.io\/wp-content\/uploads\/revslider\/Samurai-Fullscreen-Carousel-Template\/s2.jpg\" data-libid=\"27\" data-lib=\"medialibrary\" title=\"s2.jpg\" width=\"0\" height=\"0\" data-dbsrc=\"Ly90cmVhZHN0b25lLmlvL3dwLWNvbnRlbnQvdXBsb2Fkcy9yZXZzbGlkZXIvU2FtdXJhaS1GdWxsc2NyZWVuLUNhcm91c2VsLVRlbXBsYXRlL3MyLmpwZw==\"\/>\n\t\t\t\t\t\t<img data-src=\"\/\/treadstone.io\/wp-content\/uploads\/revslider\/Samurai-Fullscreen-Carousel-Template\/s3.jpg\" data-libid=\"29\" data-lib=\"medialibrary\" title=\"s3.jpg\" width=\"0\" height=\"0\" data-dbsrc=\"Ly90cmVhZHN0b25lLmlvL3dwLWNvbnRlbnQvdXBsb2Fkcy9yZXZzbGlkZXIvU2FtdXJhaS1GdWxsc2NyZWVuLUNhcm91c2VsLVRlbXBsYXRlL3MzLmpwZw==\"\/>\n\t\t\t\t\t\t<img data-src=\"\/\/treadstone.io\/wp-content\/uploads\/revslider\/Samurai-Fullscreen-Carousel-Template\/s4.jpg\" data-libid=\"31\" data-lib=\"medialibrary\" title=\"s4.jpg\" width=\"0\" height=\"0\" data-dbsrc=\"Ly90cmVhZHN0b25lLmlvL3dwLWNvbnRlbnQvdXBsb2Fkcy9yZXZzbGlkZXIvU2FtdXJhaS1GdWxsc2NyZWVuLUNhcm91c2VsLVRlbXBsYXRlL3M0LmpwZw==\"\/>\n\t\t\t\t\t<\/image_lists>\n\t\t\t\t<\/sr7-module>\n\t\t\t\t<script>\n\t\t\t\t\tSR7.PMH ??={}; SR7.PMH[\"SR7_9_1\"] = {cn:100,state:false,fn: function() { if (_tpt!==undefined && _tpt.prepareModuleHeight !== undefined) {  _tpt.prepareModuleHeight({id:\"SR7_9_1\",el:[800,800,800,700,700],type:'carousel',shdw:'0',gh:[800,800,800,700,700],gw:[1240,1240,1024,778,480],vpt:['0px&#039;,&#039;0px&#039;,&#039;0px&#039;,&#039;0px&#039;,&#039;0px'],size:{fullWidth:true, fullHeight:true},fho:'#masthead,',mh:'0',onh:110,onw:0,bg:{color:'{\"type\":\"solid\",\"orig\":\"#000000\",\"string\":\"rgba(0, 0, 0, 1)\"}'},carousel:{pt:'0',pb:'0'}});   SR7.PMH[\"SR7_9_1\"].state=true;} else if(SR7.PMH[\"SR7_9_1\"].cn-->0)\tsetTimeout( SR7.PMH[\"SR7_9_1\"].fn,19);}};SR7.PMH[\"SR7_9_1\" ].fn();\n\t\t\t\t<\/script>\n<\/div>\n","protected":false},"excerpt":{"rendered":"","protected":false},"author":1,"featured_media":0,"parent":0,"menu_order":0,"comment_status":"closed","ping_status":"closed","template":"..\/public\/views\/revslider-page-template.php","meta":{"footnotes":""},"class_list":["post-34","page","type-page","status-publish","hentry"],"_links":{"self":[{"href":"https:\/\/treadstone.io\/index.php?rest_route=\/wp\/v2\/pages\/34","targetHints":{"allow":["GET"]}}],"collection":[{"href":"https:\/\/treadstone.io\/index.php?rest_route=\/wp\/v2\/pages"}],"about":[{"href":"https:\/\/treadstone.io\/index.php?rest_route=\/wp\/v2\/types\/page"}],"author":[{"embeddable":true,"href":"https:\/\/treadstone.io\/index.php?rest_route=\/wp\/v2\/users\/1"}],"replies":[{"embeddable":true,"href":"https:\/\/treadstone.io\/index.php?rest_route=%2Fwp%2Fv2%2Fcomments&post=34"}],"version-history":[{"count":1,"href":"https:\/\/treadstone.io\/index.php?rest_route=\/wp\/v2\/pages\/34\/revisions"}],"predecessor-version":[{"id":35,"href":"https:\/\/treadstone.io\/index.php?rest_route=\/wp\/v2\/pages\/34\/revisions\/35"}],"wp:attachment":[{"href":"https:\/\/treadstone.io\/index.php?rest_route=%2Fwp%2Fv2%2Fmedia&parent=34"}],"curies":[{"name":"wp","href":"https:\/\/api.w.org\/{rel}","templated":true}]}}